{"id":1340,"date":"2025-11-10T17:40:26","date_gmt":"2025-11-10T16:40:26","guid":{"rendered":"https:\/\/www.camping-le-sabia.com\/sports-activities\/"},"modified":"2026-02-10T16:58:50","modified_gmt":"2026-02-10T15:58:50","slug":"sports-activites-saint-denis-d-oleron","status":"publish","type":"page","link":"https:\/\/www.camping-le-sabia.com\/en\/sports-activites-saint-denis-d-oleron\/","title":{"rendered":"Sports activities"},"content":{"rendered":"\n<div class=\"wp-block-group group-title-banner has-global-padding is-layout-constrained wp-block-group-is-layout-constrained\">\n<p class=\"card-loc\">Activities<\/p>\n\n\n\n<p class=\"title\">near the campsite<\/p>\n<\/div>\n\n<div class=\"wp-block-group section-1 has-global-padding is-layout-constrained wp-container-core-group-is-layout-28167f3c wp-block-group-is-layout-constrained\" style=\"padding-top:4rem;padding-right:10rem;padding-bottom:10rem;padding-left:10rem\">\n<div class=\"wp-block-group top is-layout-flex wp-block-group-is-layout-flex\" style=\"padding-right:0rem;padding-left:0rem\">\n<figure class=\"wp-block-image size-full\"><img loading=\"lazy\" decoding=\"async\" width=\"303\" height=\"12\" src=\"https:\/\/www.camping-le-sabia.com\/wp-content\/uploads\/2025\/11\/trait-separation-gauche-bleu.svg\" alt=\"trait separation gauche bleu\" class=\"wp-image-168\" style=\"object-fit:cover\"\/><\/figure>\n\n\n\n<div class=\"wp-block-group has-global-padding is-layout-constrained wp-container-core-group-is-layout-12243e0f wp-block-group-is-layout-constrained\">\n<h1 class=\"wp-block-heading has-text-align-center has-custom-color-1-color has-text-color has-link-color has-cocogooseprotrial-font-family wp-elements-9ff956b69d4a826f969b269f7352ac22\" style=\"font-size:clamp(2.482rem, 2.482rem + ((1vw - 0.2rem) * 3.613), 4.65rem);font-style:normal;font-weight:200;line-height:1\">The best things to do in Saint-Denis-d&#8217;Ol\u00e9ron<\/h1>\n\n\n\n<p class=\"has-text-align-center\"><\/p>\n<\/div>\n\n\n\n<figure class=\"wp-block-image size-full\"><img loading=\"lazy\" decoding=\"async\" width=\"303\" height=\"12\" src=\"https:\/\/www.camping-le-sabia.com\/wp-content\/uploads\/2025\/11\/trait-separation-droite-bleu.svg\" alt=\"trait separation droite bleu\" class=\"wp-image-170\" style=\"object-fit:cover\"\/><\/figure>\n\n\n\n<figure class=\"wp-block-image size-full mobile\"><img loading=\"lazy\" decoding=\"async\" width=\"113\" height=\"7\" src=\"https:\/\/www.camping-le-sabia.com\/wp-content\/uploads\/2025\/11\/trait-separation-bleu-mobile.svg\" alt=\"trait separation bleu mobile\" class=\"wp-image-538\" style=\"object-fit:cover\"\/><\/figure>\n<\/div>\n\n\n\n<div class=\"wp-block-group content has-global-padding is-layout-constrained wp-container-core-group-is-layout-f4426c34 wp-block-group-is-layout-constrained\" style=\"padding-right:10rem;padding-left:10rem\">\n<p class=\"has-text-align-left\" style=\"padding-right:0rem;padding-left:0rem\">Do you enjoy <strong>being active<\/strong>, <strong>breathing in the sea air <\/strong>and <strong>recharging your batteries<\/strong>? Welcome to our c<a href=\"https:\/\/www.camping-le-sabia.com\/en\/\" data-type=\"page\" data-id=\"5\">ampsite on the island of Ol\u00e9ron<\/a>, the ideal base for enjoying a wide range of sporting activities in Saint-Denis-d&#8217;Ol\u00e9ron, whether as a couple or with your family. Whether you&#8217;re into cycling, <strong>morning jogging<\/strong>, <strong>water sports <\/strong>or <strong>hiking<\/strong>, everything is within easy reach of the campsite.   <\/p>\n\n\n\n<p class=\"has-text-align-left\" style=\"padding-right:0rem;padding-left:0rem\">And to keep fit during your holiday,<strong> a fully equipped gym<\/strong> (cardio\/weight training) is available for free. Nature is your playground, the ocean your source of energy: that&#8217;s the spirit of sporting activities on the \u00cele d&#8217;Ol\u00e9ron. <\/p>\n<\/div>\n\n\n\n<figure class=\"wp-block-image size-large img-background\"><img loading=\"lazy\" decoding=\"async\" width=\"356\" height=\"283\" src=\"https:\/\/www.camping-le-sabia.com\/wp-content\/uploads\/2025\/11\/dessin-cabanne-jaune.svg\" alt=\"dessin cabanne jaune\" class=\"wp-image-374\"\/><\/figure>\n<\/div>\n\n<div class=\"wp-block-group section-2 has-background has-global-padding is-layout-constrained wp-container-core-group-is-layout-86cec579 wp-block-group-is-layout-constrained\" style=\"background-color:#fff6ed;margin-top:0px;margin-bottom:0rem;padding-right:0px;padding-bottom:6rem;padding-left:0px;background-image:url(&apos;https:\/\/www.camping-le-sabia.com\/wp-content\/uploads\/2025\/11\/background-barres.webp&apos;);background-size:cover;\">\n<div class=\"wp-block-cover is-light gt-multiple-images-cover has-slider\" style=\"min-height:929px;aspect-ratio:unset;\" data-image-ids=\"[999]\"><div class=\"gt-is-slider swiper-container\" data-swiper=\"{&quot;speed&quot;:1000,&quot;autoplay&quot;:{&quot;delay&quot;:5000,&quot;disableOnInteraction&quot;:false},&quot;spaceBetween&quot;:0,&quot;slidesPerView&quot;:1,&quot;pagination&quot;:{&quot;el&quot;:&quot;.swiper-pagination&quot;,&quot;dynamicBullets&quot;:true,&quot;clickable&quot;:true,&quot;type&quot;:&quot;bullets&quot;},&quot;navigation&quot;:{&quot;nextEl&quot;:&quot;.swiper-button-next&quot;,&quot;prevEl&quot;:&quot;.swiper-button-prev&quot;},&quot;breakpoints&quot;:[{&quot;slidesPerView&quot;:1}],&quot;effect&quot;:&quot;fade&quot;}\"><div class=\"swiper-wrapper\"><div class=\"swiper-slide\"><img decoding=\"async\" src=\"https:\/\/www.camping-le-sabia.com\/wp-content\/uploads\/2026\/01\/paon-a-lile-doleron-scaled.webp\" alt=\"paon \u00e0 l&#039;ile d&#039;oleron\" class=\"gt-cover-image\" \/><\/div><\/div><\/div><img loading=\"lazy\" decoding=\"async\" width=\"2560\" height=\"1920\" class=\"wp-block-cover__image-background wp-image-1412 size-full\" alt=\"Chemin camping sabia\" src=\"https:\/\/www.camping-le-sabia.com\/wp-content\/uploads\/2026\/02\/Chemin-camping-sabia-scaled.jpg\" data-object-fit=\"cover\"\/><span aria-hidden=\"true\" class=\"wp-block-cover__background has-base-2-background-color has-background-dim-0 has-background-dim\"><\/span><div class=\"wp-block-cover__inner-container has-global-padding is-layout-constrained wp-container-core-cover-is-layout-12243e0f wp-block-cover-is-layout-constrained\">\n<p class=\"has-text-align-center has-large-font-size\"><\/p>\n<\/div><\/div>\n\n\n\n<div class=\"wp-block-group content has-border-color has-base-2-border-color has-background has-global-padding is-layout-constrained wp-container-core-group-is-layout-49bd41a5 wp-block-group-is-layout-constrained\" style=\"border-width:5px;background-color:#1a2d34cc;margin-top:0px;margin-bottom:0px;padding-top:4rem;padding-right:6rem;padding-bottom:4rem;padding-left:6rem\">\n<h2 class=\"wp-block-heading has-text-align-center has-custom-color-2-color has-text-color has-link-color wp-elements-42ae4f0d4a4c3ef1b9a9436b58e1a934\">Cycling trips on \u00cele d&#8217;Ol\u00e9ron from the campsite<\/h2>\n\n\n\n<p class=\"has-base-2-color has-text-color has-link-color wp-elements-3cdc52478f6902b25a8b42f0e7849727\"><strong>Set off from the campsite on your bikes <\/strong>and explore the safe cycle paths that criss-cross the island. <a href=\"https:\/\/www.cycloleron.com\/circuit-cyclable\/\">The Ol\u00e9ron cycle path<\/a> passes right in front of Le Sabia, so come and pick up your cycle map at reception! <\/p>\n\n\n\n<p class=\"has-base-2-color has-text-color has-link-color wp-elements-12fd14f0785c82bb1c8f13b8419a8931\">A gentle, ecological and pleasant way to<strong>explore the<\/strong> varied<strong>landscapes<\/strong> and <a href=\"https:\/\/www.camping-le-sabia.com\/en\/tourism-ile-d-oleron\/\" data-type=\"page\" data-id=\"10\">must-see sites of the Ile d&#8217;Ol\u00e9ron<\/a>. These family sports activities in Saint-Denis-d&#8217;Ol\u00e9ron appeal to young and old alike:<strong> national forest<\/strong>, <strong>salt marshes<\/strong>, <strong>beaches<\/strong>, <strong>typical villages<\/strong>&#8230; each itinerary is a new adventure.<\/p>\n<\/div>\n<\/div>\n\n<div class=\"wp-block-group section-simple has-background has-global-padding is-layout-constrained wp-container-core-group-is-layout-bb3fcd18 wp-block-group-is-layout-constrained\" style=\"background-color:#fff6ed;margin-top:0px;margin-bottom:0px;padding-top:0rem;padding-right:10rem;padding-bottom:6rem;padding-left:10rem;background-image:url(&apos;https:\/\/www.camping-le-sabia.com\/wp-content\/uploads\/2025\/11\/background-barres.webp&apos;);background-size:cover;\">\n<div class=\"wp-block-group is-content-justification-center is-nowrap is-layout-flex wp-container-core-group-is-layout-f6906e6a wp-block-group-is-layout-flex\" style=\"margin-top:0;margin-bottom:var(--wp--preset--spacing--40)\">\n<div class=\"wp-block-group wp-container-content-9e2f13cb is-vertical is-layout-flex wp-container-core-group-is-layout-fe9cc265 wp-block-group-is-layout-flex\">\n<h2 class=\"wp-block-heading has-text-align-left has-custom-color-1-color has-text-color has-link-color wp-elements-78b4302e5027fb7ede09c9b91e8cf33e\" style=\"padding-right:0rem;padding-left:0rem\">Sports de plein air \u00e0 d\u00e9couvrir<\/h2>\n\n\n\n<p class=\"has-custom-color-3-color has-text-color has-link-color wp-elements-5697796a0518157809fb74a48d4ba6d8\" style=\"padding-top:0;padding-right:0rem;padding-bottom:0;padding-left:0rem\"><a href=\"https:\/\/www.tripadvisor.fr\/Attractions-g580168-Activities-c61-Saint_Denis_d_Oleron_Ile_d_Oleron_Charente_Maritime_Nouvelle_Aquitaine.html\">Saint-Denis-d&#8217;Ol\u00e9ron offers a wide range of outdoor activities <\/a>for <strong>all ages<\/strong>. Hiking, running, yoga on the beach, padel, beach volleyball, tennis, minigolf, horse riding or <a href=\"https:\/\/www.camping-le-sabia.com\/en\/beach-fishing-ile-d-oleron\/\" data-type=\"page\" data-id=\"12\">fishing on the Ile d&#8217;Ol\u00e9ron<\/a>: there&#8217;s something for everyone.<\/p>\n\n\n\n<p class=\"has-custom-color-3-color has-text-color has-link-color wp-elements-cce13c88c3e4fa0b9b4111831ee5463a\" style=\"padding-top:0;padding-right:0rem;padding-bottom:0;padding-left:0rem\">As Sabia is a campsite without entertainment, you are free to <strong>choose when to be active<\/strong>, according to <strong>your own pace and desires.<\/strong><\/p>\n<\/div>\n\n\n\n<figure class=\"wp-block-image size-large has-custom-border\" style=\"margin-top:0;margin-bottom:0\"><img loading=\"lazy\" decoding=\"async\" width=\"1024\" height=\"609\" src=\"https:\/\/www.camping-le-sabia.com\/wp-content\/uploads\/2026\/02\/Randonnee-nature-1024x609.jpeg\" alt=\"Randonn&#xE9;e nature\" class=\"wp-image-1415\" style=\"border-top-left-radius:20px;border-top-right-radius:20px;border-bottom-left-radius:20px;border-bottom-right-radius:20px\"\/><\/figure>\n<\/div>\n\n\n\n<div class=\"wp-block-group is-content-justification-center is-nowrap is-layout-flex wp-container-core-group-is-layout-23441af8 wp-block-group-is-layout-flex\">\n<figure class=\"wp-block-image size-large has-custom-border\"><img loading=\"lazy\" decoding=\"async\" width=\"1024\" height=\"683\" src=\"https:\/\/www.camping-le-sabia.com\/wp-content\/uploads\/2026\/01\/activite-kayak-1024x683.webp\" alt=\"activit&#xE9; kayak\" class=\"wp-image-1001\" style=\"border-top-left-radius:20px;border-top-right-radius:20px;border-bottom-left-radius:20px;border-bottom-right-radius:20px\"\/><\/figure>\n\n\n\n<div class=\"wp-block-group wp-container-content-9e2f13cb is-vertical is-layout-flex wp-container-core-group-is-layout-fe9cc265 wp-block-group-is-layout-flex\">\n<h2 class=\"wp-block-heading has-text-align-left has-custom-color-1-color has-text-color has-link-color wp-elements-5aee16a51165b203a88d2f6a2379def5\" style=\"padding-right:0rem;padding-left:0rem\">Water sports in Charente-Maritime<\/h2>\n\n\n\n<p class=\"has-custom-color-3-color has-text-color has-link-color wp-elements-ac087927c4d302b2a2eb9087274bac8b\" style=\"padding-top:0;padding-right:0rem;padding-bottom:0;padding-left:0rem\">Fancy some water sports and <strong>thrills<\/strong>? Try your <a href=\"https:\/\/www.ile-oleron-marennes.com\/preparer-mes-vacances\/quoi-faire\/activites-nautiques\">hand at water sports in Saint-Denis-d&#8217;Ol\u00e9ron <\/a>with the sailing schools near the campsite. Catamarans, dinghies, kayaks or paddleboards&#8230; <strong>there&#8217;s something for everyone<\/strong> when it comes to water sports. More experienced sailors can try their hand at surfing, kitesurfing or windsurfing, less than 3 km from Le Sabia.    <\/p>\n\n\n\n<p class=\"has-custom-color-3-color has-text-color has-link-color wp-elements-f4f4febb7a64f4395e59aea16a09d498\" style=\"padding-top:0;padding-right:0rem;padding-bottom:0;padding-left:0rem\">These water sports activities on the \u00cele d&#8217;Ol\u00e9ron are supervised by professionals to ensure they can be enjoyed in complete safety. <\/p>\n\n\n\n<p class=\"has-custom-color-3-color has-text-color has-link-color wp-elements-083a5b7f1b6641e5bd2a56212ddda8a7\" style=\"padding-top:0;padding-right:0rem;padding-bottom:0;padding-left:0rem\">And if you just want to enjoy the sun and sand, the nearest beaches suitable for swimming are only a <strong>5-minute drive away!<\/strong><br\/><\/p>\n<\/div>\n<\/div>\n<\/div>\n","protected":false},"excerpt":{"rendered":"<p>Activities near the campsite The best things to do in Saint-Denis-d&#8217;Ol\u00e9ron Do you enjoy being active, breathing in the sea air and recharging your batteries? Welcome to our campsite on the island of Ol\u00e9ron, the ideal base for enjoying a wide range of sporting activities in Saint-Denis-d&#8217;Ol\u00e9ron, whether as a couple or with your family. [&hellip;]<\/p>\n","protected":false},"author":1,"featured_media":998,"parent":0,"menu_order":0,"comment_status":"closed","ping_status":"closed","template":"","meta":{"_acf_changed":false,"_seopress_robots_primary_cat":"","_seopress_titles_title":"Activities in Saint-Denis-d'Ol\u00e9ron | Sports activities on the island of Ol\u00e9ron","_seopress_titles_desc":"Discover the sporting activities available near the campsite in Saint-Denis-d'Ol\u00e9ron: cycling, water sports, hiking. Enjoy an active holiday on the island of Ol\u00e9ron. ","_seopress_robots_index":"","_gt_ctv_global_id":"","_gt_ctv_id_group":false,"inline_featured_image":false,"gt_fse_maillage_image":"https:\/\/www.camping-le-sabia.com\/wp-content\/uploads\/2026\/01\/coucher-d-esoleil-a-lile-doleron-scaled.webp","gt_fse_maillage_titre":"Sports activities","gt_fse_maillage_alt":"Sports activities","gt_fse_maillage_resume":"","footnotes":""},"categories":[],"tags":[],"class_list":["post-1340","page","type-page","status-publish","has-post-thumbnail","hentry"],"acf":[],"_links":{"self":[{"href":"https:\/\/www.camping-le-sabia.com\/en\/wp-json\/wp\/v2\/pages\/1340","targetHints":{"allow":["GET"]}}],"collection":[{"href":"https:\/\/www.camping-le-sabia.com\/en\/wp-json\/wp\/v2\/pages"}],"about":[{"href":"https:\/\/www.camping-le-sabia.com\/en\/wp-json\/wp\/v2\/types\/page"}],"author":[{"embeddable":true,"href":"https:\/\/www.camping-le-sabia.com\/en\/wp-json\/wp\/v2\/users\/1"}],"replies":[{"embeddable":true,"href":"https:\/\/www.camping-le-sabia.com\/en\/wp-json\/wp\/v2\/comments?post=1340"}],"version-history":[{"count":9,"href":"https:\/\/www.camping-le-sabia.com\/en\/wp-json\/wp\/v2\/pages\/1340\/revisions"}],"predecessor-version":[{"id":1624,"href":"https:\/\/www.camping-le-sabia.com\/en\/wp-json\/wp\/v2\/pages\/1340\/revisions\/1624"}],"wp:featuredmedia":[{"embeddable":true,"href":"https:\/\/www.camping-le-sabia.com\/en\/wp-json\/wp\/v2\/media\/998"}],"wp:attachment":[{"href":"https:\/\/www.camping-le-sabia.com\/en\/wp-json\/wp\/v2\/media?parent=1340"}],"wp:term":[{"taxonomy":"category","embeddable":true,"href":"https:\/\/www.camping-le-sabia.com\/en\/wp-json\/wp\/v2\/categories?post=1340"},{"taxonomy":"post_tag","embeddable":true,"href":"https:\/\/www.camping-le-sabia.com\/en\/wp-json\/wp\/v2\/tags?post=1340"}],"curies":[{"name":"wp","href":"https:\/\/api.w.org\/{rel}","templated":true}]}}