{"id":1481,"date":"2025-11-10T17:40:25","date_gmt":"2025-11-10T16:40:25","guid":{"rendered":"https:\/\/www.camping-le-sabia.com\/camping-pas-cher-saint-denis-d-oleron\/"},"modified":"2026-02-10T16:58:49","modified_gmt":"2026-02-10T15:58:49","slug":"cheap-campsite-saint-denis-d-oleron","status":"publish","type":"page","link":"https:\/\/www.camping-le-sabia.com\/en\/cheap-campsite-saint-denis-d-oleron\/","title":{"rendered":"Price list"},"content":{"rendered":"\n<div class=\"wp-block-group group-title-banner has-global-padding is-layout-constrained wp-block-group-is-layout-constrained\">\n<p class=\"card-loc\">Your vacation<\/p>\n\n\n\n<p class=\"title\">at the best price<\/p>\n<\/div>\n\n<div class=\"wp-block-group section-1 has-global-padding is-layout-constrained wp-container-core-group-is-layout-28167f3c wp-block-group-is-layout-constrained\" style=\"padding-top:4rem;padding-right:10rem;padding-bottom:10rem;padding-left:10rem\">\n<div class=\"wp-block-group top is-layout-flex wp-block-group-is-layout-flex\" style=\"padding-right:0rem;padding-left:0rem\">\n<figure class=\"wp-block-image size-full\"><img loading=\"lazy\" decoding=\"async\" width=\"303\" height=\"12\" src=\"https:\/\/www.camping-le-sabia.com\/wp-content\/uploads\/2025\/11\/trait-separation-gauche-bleu.svg\" alt=\"trait separation gauche bleu\" class=\"wp-image-168\" style=\"object-fit:cover\"\/><\/figure>\n\n\n\n<div class=\"wp-block-group has-global-padding is-layout-constrained wp-container-core-group-is-layout-12243e0f wp-block-group-is-layout-constrained\">\n<h1 class=\"wp-block-heading has-text-align-center has-custom-color-1-color has-text-color has-link-color has-cocogooseprotrial-font-family wp-elements-c46c5ac36e3ad7e72d17b7a74e0705fc\" style=\"font-size:clamp(2.482rem, 2.482rem + ((1vw - 0.2rem) * 3.613), 4.65rem);font-style:normal;font-weight:200;line-height:1\">Cheap camping in Saint-Denis-d&#8217;Ol\u00e9ron<\/h1>\n<\/div>\n\n\n\n<figure class=\"wp-block-image size-full\"><img loading=\"lazy\" decoding=\"async\" width=\"303\" height=\"12\" src=\"https:\/\/www.camping-le-sabia.com\/wp-content\/uploads\/2025\/11\/trait-separation-droite-bleu.svg\" alt=\"trait separation droite bleu\" class=\"wp-image-170\" style=\"object-fit:cover\"\/><\/figure>\n\n\n\n<figure class=\"wp-block-image size-full mobile\"><img loading=\"lazy\" decoding=\"async\" width=\"113\" height=\"7\" src=\"https:\/\/www.camping-le-sabia.com\/wp-content\/uploads\/2025\/11\/trait-separation-bleu-mobile.svg\" alt=\"trait separation bleu mobile\" class=\"wp-image-538\" style=\"object-fit:cover\"\/><\/figure>\n<\/div>\n\n\n\n<div class=\"wp-block-group content has-global-padding is-layout-constrained wp-container-core-group-is-layout-f4426c34 wp-block-group-is-layout-constrained\" style=\"padding-right:10rem;padding-left:10rem\">\n<p class=\"has-text-align-left\" style=\"padding-right:0rem;padding-left:0rem\">Are you looking for a cheap campsite in Saint-Denis-d&#8217;Ol\u00e9ron for your next vacation? Le Sabia welcomes you to a <strong>quiet, family-friendly setting<\/strong>, just 150 m from the ocean, on the natural, unspoilt coastline of the luminous island.   <\/p>\n\n\n\n<p class=\"has-text-align-left\" style=\"padding-right:0rem;padding-left:0rem\">With us, low prices don&#8217;t mean low services: you&#8217;ll enjoy<strong>comfortable accommodation<\/strong> in a well-equipped mobile home, with heated swimming pool, gym and all the essential services&#8230; at <strong>controlled rates.<\/strong><\/p>\n\n\n\n<p class=\"has-text-align-left has-custom-color-1-color has-text-color has-link-color wp-elements-f4c89d640d1503929f012e61113391de\" style=\"font-size:clamp(0.968rem, 0.968rem + ((1vw - 0.2rem) * 0.837), 1.47rem);\">During the summer season, arrival days are Wednesdays and Saturdays.<\/p>\n\n\n\n<div style=\"height:100px\" aria-hidden=\"true\" class=\"wp-block-spacer gt-hide-mobile\"><\/div>\n\n\n\n<h2 class=\"wp-block-heading has-text-align-center\">Our rates<\/h2>\n\n\n\n<div style=\"margin-top:0;margin-bottom:0;height:100px\" aria-hidden=\"true\" class=\"wp-block-spacer gt-hide-mobile\"><\/div>\n\n\n<div class=\"wp-block-gt-gt-fse-widgets-ctv\" data-wp-interactive=\"gt\/ctv\/widgets\">\n\n                        <ctv-availability ><\/ctv-availability>\n        \n    <\/div>\n<\/div>\n\n\n\n<figure class=\"wp-block-image size-large img-background\"><img loading=\"lazy\" decoding=\"async\" width=\"356\" height=\"283\" src=\"https:\/\/www.camping-le-sabia.com\/wp-content\/uploads\/2025\/11\/dessin-cabanne-jaune.svg\" alt=\"dessin cabanne jaune\" class=\"wp-image-374\"\/><\/figure>\n<\/div>\n\n<div class=\"wp-block-group section-2 has-background has-global-padding is-layout-constrained wp-container-core-group-is-layout-86cec579 wp-block-group-is-layout-constrained\" style=\"background-color:#fff6ed;margin-top:0px;margin-bottom:0rem;padding-right:0px;padding-bottom:6rem;padding-left:0px;background-image:url(&apos;https:\/\/www.camping-le-sabia.com\/wp-content\/uploads\/2025\/11\/background-barres.webp&apos;);background-size:cover;\">\n<div class=\"wp-block-cover is-light gt-multiple-images-cover has-slider\" style=\"min-height:929px;aspect-ratio:unset;\" data-image-ids=\"[684]\"><div class=\"gt-is-slider swiper-container\" data-swiper=\"{&quot;speed&quot;:1000,&quot;autoplay&quot;:{&quot;delay&quot;:5000,&quot;disableOnInteraction&quot;:false},&quot;spaceBetween&quot;:0,&quot;slidesPerView&quot;:1,&quot;pagination&quot;:{&quot;el&quot;:&quot;.swiper-pagination&quot;,&quot;dynamicBullets&quot;:true,&quot;clickable&quot;:true,&quot;type&quot;:&quot;bullets&quot;},&quot;navigation&quot;:{&quot;nextEl&quot;:&quot;.swiper-button-next&quot;,&quot;prevEl&quot;:&quot;.swiper-button-prev&quot;},&quot;breakpoints&quot;:[{&quot;slidesPerView&quot;:1}],&quot;effect&quot;:&quot;fade&quot;}\"><div class=\"swiper-wrapper\"><div class=\"swiper-slide\"><img decoding=\"async\" src=\"https:\/\/www.camping-le-sabia.com\/wp-content\/uploads\/2025\/11\/camping-avec-commerces-a-proximite-a-saint-denis-d-oleron.webp\" alt=\"camping avec commerces a proximite a saint denis d oleron\" class=\"gt-cover-image\" \/><\/div><\/div><\/div><img loading=\"lazy\" decoding=\"async\" width=\"2560\" height=\"1707\" class=\"wp-block-cover__image-background wp-image-1085 size-full\" alt=\"camping vue du ciel\" src=\"https:\/\/www.camping-le-sabia.com\/wp-content\/uploads\/2026\/01\/camping-vue-du-ciel-1-scaled.webp\" data-object-fit=\"cover\"\/><span aria-hidden=\"true\" class=\"wp-block-cover__background has-base-2-background-color has-background-dim-0 has-background-dim\"><\/span><div class=\"wp-block-cover__inner-container has-global-padding is-layout-constrained wp-container-core-cover-is-layout-12243e0f wp-block-cover-is-layout-constrained\">\n<p class=\"has-text-align-center has-large-font-size\"><\/p>\n<\/div><\/div>\n\n\n\n<div class=\"wp-block-group content has-border-color has-base-2-border-color has-background has-global-padding is-layout-constrained wp-container-core-group-is-layout-49bd41a5 wp-block-group-is-layout-constrained\" style=\"border-width:5px;background-color:#1a2d34cc;margin-top:0px;margin-bottom:0px;padding-top:4rem;padding-right:6rem;padding-bottom:4rem;padding-left:6rem\">\n<h2 class=\"wp-block-heading has-text-align-center has-custom-color-2-color has-text-color has-link-color wp-elements-e768f77a5c2faf0cabf62b1859ebec45\">Vacation accommodation at the best price<\/h2>\n\n\n\n<p class=\"has-base-2-color has-text-color has-link-color wp-elements-0e49bc88ffca44930c2684765ec2e3e9\">Choosing our <a href=\"https:\/\/www.camping-le-sabia.com\/en\/\" data-type=\"page\" data-id=\"5\">campsite in Saint-Denis-d&#8217;Ol\u00e9ron<\/a> means choosing the <strong>best value for money<\/strong>. In addition to the rental price, the following costs must be taken into account:<\/p>\n\n\n\n<p class=\"has-base-2-color has-text-color has-link-color wp-elements-923aaf2676af79f5bb92edc0fcb6e4c1\">To be added to the rental price:  <\/p>\n\n\n\n<ul class=\"wp-block-list\">\n<li class=\"has-base-2-color has-text-color has-link-color wp-elements-f21e80415d023f894b2b1a64ef953a8e\">Booking fee: \u20ac18\/stay<\/li>\n\n\n\n<li class=\"has-base-2-color has-text-color has-link-color wp-elements-3111ac7a3e52817da12530c91f136bd9\">Tourist tax: 0.66\u20ac\/ night \/ adult +18 years old<\/li>\n\n\n\n<li class=\"has-base-2-color has-text-color has-link-color wp-elements-b08e667a62cafea3b979179a3acc804d\">Additional persons: \u20ac10\/night (subject to accommodation capacity)<\/li>\n<\/ul>\n\n\n\n<p class=\"has-base-2-color has-text-color has-link-color wp-elements-95896bc97cdc18e456d1841b1d6c6a3f\"><strong>Optional for<\/strong> your stay:<\/p>\n\n\n\n<ul class=\"wp-block-list has-base-2-color has-text-color has-link-color wp-elements-69bf0589489a4dfee6ae8c318a567e72\">\n<li>End-of-stay cleaning: \u20ac80<\/li>\n\n\n\n<li>Dogs: free, limited to 1 per accommodation. Cats not allowed. <\/li>\n\n\n\n<li>Wifi: free (limited to 2 simultaneous connections per accommodation in summer)<\/li>\n<\/ul>\n\n\n\n<p class=\"has-base-2-color has-text-color has-link-color wp-elements-5f87ce657a8b82df76c3c84523a23125\"><strong>Arrivals after 4 p.m. &#8211; Departures before 10 a.m.<\/strong><\/p>\n\n\n\n<p class=\"has-base-2-color has-text-color has-link-color wp-elements-bf6444c8f9aed8f6756fd084e1126c3a\">Deposit on arrival: 400\u20ac for accommodation and badges, 120\u20ac for cleaning<\/p>\n\n\n\n<p class=\"has-base-2-color has-text-color has-link-color wp-elements-1cb7af96dd113026e30437646fc74510\">Sheets and towels not provided (can be rented when booking) &#8211; Duvets, blankets and pillows provided.<\/p>\n<\/div>\n<\/div>\n\n<div class=\"wp-block-group section-simple has-background has-global-padding is-layout-constrained wp-container-core-group-is-layout-bb3fcd18 wp-block-group-is-layout-constrained\" style=\"background-color:#fff6ed;margin-top:0px;margin-bottom:0px;padding-top:0rem;padding-right:10rem;padding-bottom:6rem;padding-left:10rem;background-image:url(&apos;https:\/\/www.camping-le-sabia.com\/wp-content\/uploads\/2025\/11\/background-barres.webp&apos;);background-size:cover;\">\n<div class=\"wp-block-group is-content-justification-center is-nowrap is-layout-flex wp-container-core-group-is-layout-f6906e6a wp-block-group-is-layout-flex\" style=\"margin-top:0;margin-bottom:var(--wp--preset--spacing--40)\">\n<div class=\"wp-block-group wp-container-content-9e2f13cb is-vertical is-layout-flex wp-container-core-group-is-layout-fe9cc265 wp-block-group-is-layout-flex\">\n<h2 class=\"wp-block-heading has-text-align-left has-custom-color-1-color has-text-color has-link-color wp-elements-84ec9e33fd9bb2b8563fcb693ff62fef\" style=\"padding-right:0rem;padding-left:0rem\">Camping with special offers on the Ile d&#8217;Ol\u00e9ron<\/h2>\n\n\n\n<p class=\"has-custom-color-3-color has-text-color has-link-color wp-elements-46e9323e9a996fb1a7e83f52387b9788\" style=\"padding-top:0;padding-right:0rem;padding-bottom:0;padding-left:0rem\">Because quality vacations can also be affordable, our low-cost campsite on the Ile d&#8217;Ol\u00e9ron offers <strong>attractive promotions<\/strong> all year round:  <\/p>\n\n\n\n<p><strong>Night rate<\/strong> <strong>offer<\/strong>: over 2 nights, for a stay of less than a week, -5% on your stay.<\/p>\n\n\n\n<p><strong>Weekly<\/strong> <strong>offer<\/strong>: beyond 2 weeks, -10% on additional weeks.<\/p>\n\n\n\n<p class=\"has-custom-color-3-color has-text-color has-link-color wp-elements-f5dea1ac58ef34e5456a3a9eeebaf073\" style=\"padding-top:0;padding-right:0rem;padding-bottom:0;padding-left:0rem\">Ideal discounts to extend your stay, without compromising on comfort or location!<\/p>\n<\/div>\n\n\n<div class=\"wp-block-gt-gt-fse-widgets-ctv\" data-wp-interactive=\"gt\/ctv\/widgets\">\n\n            <ctv-offers data-display-mode=\"carousel\" ><\/ctv-offers>\n\n    <\/div>\n<\/div>\n\n\n\n<div class=\"wp-block-group is-content-justification-center is-nowrap is-layout-flex wp-container-core-group-is-layout-23441af8 wp-block-group-is-layout-flex\">\n<figure class=\"wp-block-image size-large has-custom-border\"><img loading=\"lazy\" decoding=\"async\" width=\"1024\" height=\"683\" src=\"https:\/\/www.camping-le-sabia.com\/wp-content\/uploads\/2026\/01\/piscine-vue-du-ciel-1024x683.webp\" alt=\"aerial view of the pool\" class=\"wp-image-1079\" style=\"border-top-left-radius:20px;border-top-right-radius:20px;border-bottom-left-radius:20px;border-bottom-right-radius:20px\"\/><\/figure>\n\n\n\n<div class=\"wp-block-group wp-container-content-9e2f13cb is-vertical is-layout-flex wp-container-core-group-is-layout-fe9cc265 wp-block-group-is-layout-flex\">\n<h2 class=\"wp-block-heading has-text-align-left has-custom-color-1-color has-text-color has-link-color wp-elements-6dce8430cfad18b18dad49a18d2eb763\" style=\"padding-right:0rem;padding-left:0rem\">Don&#8217;t forget to book online!<\/h2>\n\n\n\n<p class=\"has-custom-color-3-color has-text-color has-link-color wp-elements-772ca434792ab37ae4b4a0e6aa4fad94\" style=\"padding-top:0;padding-right:0rem;padding-bottom:0;padding-left:0rem\">By booking directly on our official website, you are guaranteed to benefit from :  <\/p>\n\n\n\n<ul class=\"wp-block-list\">\n<li>the <strong>best rate guaranteed<\/strong><\/li>\n\n\n\n<li><strong>direct contact<\/strong> with Emma and Thomas<\/li>\n\n\n\n<li><strong>terms and conditions tailored to<\/strong> your needs  <\/li>\n<\/ul>\n\n\n\n<p class=\"has-custom-color-3-color has-text-color has-link-color wp-elements-786a2c143bdc4ab5424a8ccd5f1e77ac\" style=\"padding-top:0;padding-right:0rem;padding-bottom:0;padding-left:0rem\">No intermediaries, no hidden costs: booking direct is <strong>simple<\/strong>, <strong>fast<\/strong> and <strong>economical<\/strong>. So for the best-value vacations on the Ile d&#8217;Ol\u00e9ron, consider our affordable, family-friendly campsite. <\/p>\n<\/div>\n<\/div>\n<\/div>\n\n<div class=\"wp-block-group section-maillage has-global-padding is-layout-constrained wp-container-core-group-is-layout-187900ab wp-block-group-is-layout-constrained\" style=\"margin-top:0px;margin-bottom:0px;padding-top:4rem;padding-right:10rem;padding-bottom:4rem;padding-left:10rem\">\n<div class=\"wp-block-group title has-global-padding is-layout-constrained wp-container-core-group-is-layout-d08630a9 wp-block-group-is-layout-constrained\" style=\"padding-right:0rem;padding-left:0rem\">\n<p class=\"has-text-align-center has-custom-color-2-color has-text-color has-link-color has-advent-pro-font-family wp-elements-32f739eeb22ab6187d092b60b29ee570\" style=\"margin-top:0px;margin-bottom:0px;font-size:clamp(1.512rem, 1.512rem + ((1vw - 0.2rem) * 1.68), 2.52rem);font-style:normal;font-weight:400;line-height:1;text-transform:uppercase\">Discover our<\/p>\n\n\n\n<p class=\"has-text-align-center has-custom-color-1-color has-text-color has-link-color has-advent-pro-font-family wp-elements-a1a58fd41eb422ac7919c724cfa974f5\" style=\"margin-top:0px;margin-bottom:0px;font-size:clamp(2.2rem, 2.2rem + ((1vw - 0.2rem) * 3), 4rem);font-style:normal;font-weight:700;line-height:1;text-transform:uppercase\">swimming pool, our services  <\/p>\n\n\n\n<p class=\"has-text-align-center has-custom-color-1-color has-text-color has-link-color has-advent-pro-font-family wp-elements-694304addbc0c31c35731dd41c53a18c\" style=\"margin-top:0px;margin-bottom:0px;font-size:clamp(2.2rem, 2.2rem + ((1vw - 0.2rem) * 3), 4rem);font-style:normal;font-weight:700;line-height:1;text-transform:uppercase\">&amp; sports activities<\/p>\n<\/div>\n\n\n\n<div data-swiper=\"{&quot;speed&quot;:400,&quot;spaceBetween&quot;:16,&quot;slidesPerView&quot;:3,&quot;createElements&quot;:true,&quot;loop&quot;:true,&quot;freemode&quot;:true,&quot;navigation&quot;:{&quot;nextEl&quot;:&quot;buttonNext&quot;,&quot;prevEl&quot;:&quot;buttonPrev&quot;},&quot;pagination&quot;:{&quot;el&quot;:&quot;.swiper-pagination&quot;,&quot;dynamicBullets&quot;:true},&quot;breakpoints&quot;:{&quot;0&quot;:{&quot;slidesPerView&quot;:1},&quot;1024&quot;:{&quot;slidesPerView&quot;:3}},&quot;autoplay&quot;:{&quot;delay&quot;:3000}}\" data-wp-context=\"{}\" data-wp-interactive=\"core\/query\" data-wp-key=\"0\" data-wp-router-region=\"query-0\" class=\"wp-block-query alignwide gt-fse-maillage-query gt-is-slider gt-is-slider-desktop is-layout-flow wp-block-query-is-layout-flow\"><ul class=\"columns-3 wp-block-post-template is-layout-grid wp-container-core-post-template-is-layout-572542b5 wp-block-post-template-is-layout-grid\"><li data-wp-key=\"post-template-item-1501\" class=\"wp-block-post post-1501 page type-page status-publish has-post-thumbnail hentry\">\n<a href=\"https:\/\/www.camping-le-sabia.com\/en\/campsite-heated-pool-saint-denis-d-oleron\/\"    class=\"wp-block-tiptip-hyperlink-group-block\" >\n<div data-swiper=\"{&quot;speed&quot;:1000,&quot;autoplay&quot;:{&quot;delay&quot;:5000,&quot;disableOnInteraction&quot;:false},&quot;spaceBetween&quot;:0,&quot;slidesPerView&quot;:1,&quot;pagination&quot;:{&quot;el&quot;:&quot;.swiper-pagination&quot;,&quot;dynamicBullets&quot;:true,&quot;clickable&quot;:true,&quot;type&quot;:&quot;bullets&quot;},&quot;navigation&quot;:{&quot;nextEl&quot;:&quot;.swiper-button-next&quot;,&quot;prevEl&quot;:&quot;.swiper-button-prev&quot;},&quot;breakpoints&quot;:[{&quot;slidesPerView&quot;:1}]}\" class=\"wp-block-cover is-light\"><span aria-hidden=\"true\" class=\"wp-block-cover__background has-black-background-color has-background-dim-10 has-background-dim\"><\/span><img loading=\"lazy\" decoding=\"async\" width=\"1280\" height=\"853\" src=\"https:\/\/www.camping-le-sabia.com\/wp-content\/uploads\/2026\/01\/femme-en-bord-d-episcine.webp\" class=\"wp-block-cover__image-background wp-post-image\" alt=\"woman by the pool\" data-object-fit=\"cover\" \/><div class=\"wp-block-cover__inner-container has-global-padding is-layout-constrained wp-block-cover-is-layout-constrained\">\n<p class=\"has-text-align-center has-base-2-color has-text-color has-link-color has-large-font-size wp-elements-1cc7f21fb3cdac9188954511e6025974\">The swimming pool<\/p>\n<\/div><\/div>\n<\/a>\n<\/li><li data-wp-key=\"post-template-item-1490\" class=\"wp-block-post post-1490 page type-page status-publish has-post-thumbnail hentry\">\n<a href=\"https:\/\/www.camping-le-sabia.com\/en\/family-campsite-saint-denis-d-oleron\/\"    class=\"wp-block-tiptip-hyperlink-group-block\" >\n<div data-swiper=\"{&quot;speed&quot;:1000,&quot;autoplay&quot;:{&quot;delay&quot;:5000,&quot;disableOnInteraction&quot;:false},&quot;spaceBetween&quot;:0,&quot;slidesPerView&quot;:1,&quot;pagination&quot;:{&quot;el&quot;:&quot;.swiper-pagination&quot;,&quot;dynamicBullets&quot;:true,&quot;clickable&quot;:true,&quot;type&quot;:&quot;bullets&quot;},&quot;navigation&quot;:{&quot;nextEl&quot;:&quot;.swiper-button-next&quot;,&quot;prevEl&quot;:&quot;.swiper-button-prev&quot;},&quot;breakpoints&quot;:[{&quot;slidesPerView&quot;:1}]}\" class=\"wp-block-cover is-light\"><span aria-hidden=\"true\" class=\"wp-block-cover__background has-black-background-color has-background-dim-10 has-background-dim\"><\/span><img loading=\"lazy\" decoding=\"async\" width=\"2560\" height=\"1920\" src=\"https:\/\/www.camping-le-sabia.com\/wp-content\/uploads\/2026\/02\/camping-la-sabia-scaled.jpg\" class=\"wp-block-cover__image-background wp-post-image\" alt=\"camping la sabia\" data-object-fit=\"cover\" \/><div class=\"wp-block-cover__inner-container has-global-padding is-layout-constrained wp-block-cover-is-layout-constrained\">\n<p class=\"has-text-align-center has-base-2-color has-text-color has-link-color has-large-font-size wp-elements-1cc7f21fb3cdac9188954511e6025974\">The campsite<\/p>\n<\/div><\/div>\n<\/a>\n<\/li><li data-wp-key=\"post-template-item-1340\" class=\"wp-block-post post-1340 page type-page status-publish has-post-thumbnail hentry\">\n<a href=\"https:\/\/www.camping-le-sabia.com\/en\/sports-activites-saint-denis-d-oleron\/\"    class=\"wp-block-tiptip-hyperlink-group-block\" >\n<div data-swiper=\"{&quot;speed&quot;:1000,&quot;autoplay&quot;:{&quot;delay&quot;:5000,&quot;disableOnInteraction&quot;:false},&quot;spaceBetween&quot;:0,&quot;slidesPerView&quot;:1,&quot;pagination&quot;:{&quot;el&quot;:&quot;.swiper-pagination&quot;,&quot;dynamicBullets&quot;:true,&quot;clickable&quot;:true,&quot;type&quot;:&quot;bullets&quot;},&quot;navigation&quot;:{&quot;nextEl&quot;:&quot;.swiper-button-next&quot;,&quot;prevEl&quot;:&quot;.swiper-button-prev&quot;},&quot;breakpoints&quot;:[{&quot;slidesPerView&quot;:1}]}\" class=\"wp-block-cover is-light\"><span aria-hidden=\"true\" class=\"wp-block-cover__background has-black-background-color has-background-dim-10 has-background-dim\"><\/span><img loading=\"lazy\" decoding=\"async\" width=\"2560\" height=\"1920\" src=\"https:\/\/www.camping-le-sabia.com\/wp-content\/uploads\/2026\/01\/coucher-d-esoleil-a-lile-doleron-scaled.webp\" class=\"wp-block-cover__image-background wp-post-image\" alt=\"sunset on the island of ol\u00e9ron\" data-object-fit=\"cover\" \/><div class=\"wp-block-cover__inner-container has-global-padding is-layout-constrained wp-block-cover-is-layout-constrained\">\n<p class=\"has-text-align-center has-base-2-color has-text-color has-link-color has-large-font-size wp-elements-1cc7f21fb3cdac9188954511e6025974\">Sports activities<\/p>\n<\/div><\/div>\n<\/a>\n<\/li><\/ul><\/div>\n<\/div>\n","protected":false},"excerpt":{"rendered":"<p>Your vacation at the best price Cheap camping in Saint-Denis-d&#8217;Ol\u00e9ron Are you looking for a cheap campsite in Saint-Denis-d&#8217;Ol\u00e9ron for your next vacation? Le Sabia welcomes you to a quiet, family-friendly setting, just 150 m from the ocean, on the natural, unspoilt coastline of the luminous island. With us, low prices don&#8217;t mean low services: [&hellip;]<\/p>\n","protected":false},"author":1,"featured_media":1084,"parent":0,"menu_order":0,"comment_status":"closed","ping_status":"closed","template":"","meta":{"_acf_changed":false,"_seopress_robots_primary_cat":"","_seopress_titles_title":"Cheap camping at Saint-Denis-d'Ol\u00e9ron, on the Ile d'Ol\u00e9ron","_seopress_titles_desc":"Enjoy cheap camping in Saint-Denis-d'Ol\u00e9ron, 150m from the ocean, with comfortable accommodation and promotions on the Ile d'Ol\u00e9ron!","_seopress_robots_index":"","_gt_ctv_global_id":"","_gt_ctv_id_group":false,"inline_featured_image":false,"gt_fse_maillage_image":"https:\/\/www.camping-le-sabia.com\/wp-content\/uploads\/2026\/01\/enfants-camping-scaled.webp","gt_fse_maillage_titre":"Price list","gt_fse_maillage_alt":"Price list","gt_fse_maillage_resume":"","footnotes":""},"categories":[],"tags":[],"class_list":["post-1481","page","type-page","status-publish","has-post-thumbnail","hentry"],"acf":[],"_links":{"self":[{"href":"https:\/\/www.camping-le-sabia.com\/en\/wp-json\/wp\/v2\/pages\/1481","targetHints":{"allow":["GET"]}}],"collection":[{"href":"https:\/\/www.camping-le-sabia.com\/en\/wp-json\/wp\/v2\/pages"}],"about":[{"href":"https:\/\/www.camping-le-sabia.com\/en\/wp-json\/wp\/v2\/types\/page"}],"author":[{"embeddable":true,"href":"https:\/\/www.camping-le-sabia.com\/en\/wp-json\/wp\/v2\/users\/1"}],"replies":[{"embeddable":true,"href":"https:\/\/www.camping-le-sabia.com\/en\/wp-json\/wp\/v2\/comments?post=1481"}],"version-history":[{"count":4,"href":"https:\/\/www.camping-le-sabia.com\/en\/wp-json\/wp\/v2\/pages\/1481\/revisions"}],"predecessor-version":[{"id":1623,"href":"https:\/\/www.camping-le-sabia.com\/en\/wp-json\/wp\/v2\/pages\/1481\/revisions\/1623"}],"wp:featuredmedia":[{"embeddable":true,"href":"https:\/\/www.camping-le-sabia.com\/en\/wp-json\/wp\/v2\/media\/1084"}],"wp:attachment":[{"href":"https:\/\/www.camping-le-sabia.com\/en\/wp-json\/wp\/v2\/media?parent=1481"}],"wp:term":[{"taxonomy":"category","embeddable":true,"href":"https:\/\/www.camping-le-sabia.com\/en\/wp-json\/wp\/v2\/categories?post=1481"},{"taxonomy":"post_tag","embeddable":true,"href":"https:\/\/www.camping-le-sabia.com\/en\/wp-json\/wp\/v2\/tags?post=1481"}],"curies":[{"name":"wp","href":"https:\/\/api.w.org\/{rel}","templated":true}]}}