{"id":1485,"date":"2025-11-10T17:40:27","date_gmt":"2025-11-10T16:40:27","guid":{"rendered":"https:\/\/www.camping-le-sabia.com\/peche-a-pied-ile-d-oleron\/"},"modified":"2026-02-10T16:58:50","modified_gmt":"2026-02-10T15:58:50","slug":"beach-fishing-ile-d-oleron","status":"publish","type":"page","link":"https:\/\/www.camping-le-sabia.com\/en\/beach-fishing-ile-d-oleron\/","title":{"rendered":"Beach fishing"},"content":{"rendered":"\n<div class=\"wp-block-group group-title-banner has-global-padding is-layout-constrained wp-block-group-is-layout-constrained\">\n<p class=\"card-loc\">We&#8217;re off <\/p>\n\n\n\n<p class=\"title\">fishing?  <\/p>\n<\/div>\n\n<div class=\"wp-block-group section-1 three-slides has-global-padding is-layout-constrained wp-container-core-group-is-layout-28167f3c wp-block-group-is-layout-constrained\" style=\"padding-top:4rem;padding-right:10rem;padding-bottom:10rem;padding-left:10rem\">\n<div class=\"wp-block-group content has-global-padding is-layout-constrained wp-container-core-group-is-layout-f4426c34 wp-block-group-is-layout-constrained\" style=\"padding-right:10rem;padding-left:10rem\">\n<h1 class=\"wp-block-heading has-text-align-center has-custom-color-2-color has-text-color has-link-color wp-elements-605dc4280588b6228d8ee12636e8d69f\">\u00cele d&#8217;Ol\u00e9ron: a true paradise for shore fishing<\/h1>\n\n\n\n<p style=\"padding-right:0rem;padding-left:0rem\">Fishing on foot is much more than a <a href=\"https:\/\/www.camping-le-sabia.com\/en\/sports-activites-saint-denis-d-oleron\/\" data-type=\"page\" data-id=\"11\">leisure activity on the Ile d&#8217;Ol\u00e9ron<\/a>: it&#8217;s a <strong>local tradition<\/strong>, an immersion in a <strong>preserved environment<\/strong>, and a privileged moment to share with the family. From our <a href=\"https:\/\/www.camping-le-sabia.com\/en\/\" data-type=\"page\" data-id=\"5\">campsite in Saint-Denis-d&#8217;Ol\u00e9ron<\/a>, set off at low tide on the foreshore, net and bucket in hand, in search of cockles, clams, periwinkles, wild oysters and other <strong>ocean treasures<\/strong>.  <\/p>\n\n\n\n<p style=\"padding-right:0rem;padding-left:0rem\">Between environmental education and simple pleasure, fishing on foot in Charente-Maritime is accessible to all, <strong>young and old alike<\/strong>. To practice <strong>in complete safety <\/strong>and with <strong>respect for biodiversity<\/strong>, it is essential to find out about <a href=\"https:\/\/iodde.org\/cpie\/presentation\/205512\/Reglementation-peche-a-pied-recreative\" data-type=\"link\" data-id=\"https:\/\/iodde.org\/cpie\/presentation\/205512\/Reglementation-peche-a-pied-recreative\" target=\"_blank\" rel=\"noreferrer noopener\">local angling rules<\/a>, including minimum catch sizes, authorized quantities and protected areas. <\/p>\n<\/div>\n\n\n\n<div class=\"wp-block-group slider-img has-global-padding is-layout-constrained wp-container-core-group-is-layout-b79dd863 wp-block-group-is-layout-constrained\" style=\"margin-top:0px;margin-bottom:0px;padding-top:12rem;padding-bottom:12rem\">\n<figure class=\"wp-block-image size-large is-resized arrow-prev-slider\"><img loading=\"lazy\" decoding=\"async\" width=\"18\" height=\"17\" src=\"https:\/\/www.camping-le-sabia.com\/wp-content\/uploads\/2025\/11\/icon-forme-carree-menu-jaune-.svg\" alt=\"icon forme carree menu jaune\" class=\"wp-image-141\" style=\"object-fit:contain;width:40px;height:40px\"\/><\/figure>\n\n\n\n<figure class=\"wp-block-image size-large is-resized arrow-next-slider\"><img loading=\"lazy\" decoding=\"async\" width=\"18\" height=\"17\" src=\"https:\/\/www.camping-le-sabia.com\/wp-content\/uploads\/2025\/11\/icon-forme-carree-menu-jaune-.svg\" alt=\"icon forme carree menu jaune\" class=\"wp-image-141\" style=\"object-fit:contain;width:40px;height:40px\"\/><\/figure>\n\n\n\n<div data-swiper=\"{&quot;speed&quot;:400,&quot;spaceBetween&quot;:0,&quot;slidesPerView&quot;:3,&quot;createElements&quot;:true,&quot;loop&quot;:true,&quot;freemode&quot;:true,&quot;navigation&quot;:{&quot;nextEl&quot;:&quot;.arrow-next-slider&quot;,&quot;prevEl&quot;:&quot;.arrow-prev-slider&quot;},&quot;pagination&quot;:{&quot;el&quot;:&quot;.swiper-pagination&quot;,&quot;dynamicBullets&quot;:true},&quot;breakpoints&quot;:{&quot;0&quot;:{&quot;slidesPerView&quot;:1},&quot;768&quot;:{&quot;slidesPerView&quot;:3},&quot;1024&quot;:{&quot;slidesPerView&quot;:3}},&quot;autoplay&quot;:{&quot;delay&quot;:5000}}\" class=\"wp-block-group gt-is-slider gt-is-slider-desktop has-global-padding is-layout-constrained wp-container-core-group-is-layout-12243e0f wp-block-group-is-layout-constrained\">\n<figure class=\"wp-block-image size-full has-custom-border\"><img loading=\"lazy\" decoding=\"async\" width=\"1894\" height=\"1262\" src=\"https:\/\/www.camping-le-sabia.com\/wp-content\/uploads\/2026\/02\/petit-crabe.jpg\" alt=\"little crab\" class=\"wp-image-1421\" style=\"border-radius:10px;object-fit:cover\"\/><\/figure>\n\n\n\n<figure class=\"wp-block-image size-full has-custom-border\" style=\"margin-top:0px;margin-bottom:0px\"><img loading=\"lazy\" decoding=\"async\" width=\"1280\" height=\"1600\" src=\"https:\/\/www.camping-le-sabia.com\/wp-content\/uploads\/2026\/01\/femme-ayant-des-poissons.webp\" alt=\"woman with fish\" class=\"wp-image-1153\" style=\"border-radius:10px\"\/><\/figure>\n\n\n\n<figure class=\"wp-block-image size-full has-custom-border\" style=\"margin-top:0px;margin-bottom:0px\"><img loading=\"lazy\" decoding=\"async\" width=\"2560\" height=\"2335\" src=\"https:\/\/www.camping-le-sabia.com\/wp-content\/uploads\/2026\/02\/crabe-dans-un-seau-scaled.jpg\" alt=\"crab in a bucket\" class=\"wp-image-1423\" style=\"border-radius:10px\"\/><\/figure>\n\n\n\n<figure class=\"wp-block-image size-full has-custom-border\" style=\"margin-top:0px;margin-bottom:0px\"><img loading=\"lazy\" decoding=\"async\" width=\"2560\" height=\"1706\" src=\"https:\/\/www.camping-le-sabia.com\/wp-content\/uploads\/2026\/02\/peche-en-famille-scaled.jpg\" alt=\"family fishing\" class=\"wp-image-1419\" style=\"border-radius:10px\"\/><\/figure>\n\n\n\n<figure class=\"wp-block-image size-full has-custom-border\" style=\"margin-top:0px;margin-bottom:0px\"><img loading=\"lazy\" decoding=\"async\" width=\"2560\" height=\"1707\" src=\"https:\/\/www.camping-le-sabia.com\/wp-content\/uploads\/2026\/02\/coin-peche-2-scaled.jpg\" alt=\"fishing corner ()\" class=\"wp-image-1427\" style=\"border-radius:10px\"\/><\/figure>\n\n\n\n<figure class=\"wp-block-image size-full has-custom-border\" style=\"margin-top:0px;margin-bottom:0px\"><img loading=\"lazy\" decoding=\"async\" width=\"2560\" height=\"1441\" src=\"https:\/\/www.camping-le-sabia.com\/wp-content\/uploads\/2026\/02\/coin-peche-scaled.jpg\" alt=\"fishing corner\" class=\"wp-image-1429\" style=\"border-radius:10px\"\/><\/figure>\n<\/div>\n<\/div>\n<\/div>\n\n<div class=\"wp-block-group section-simple has-background has-global-padding is-layout-constrained wp-container-core-group-is-layout-b859c387 wp-block-group-is-layout-constrained\" style=\"background-color:#fff6ed;margin-top:0px;margin-bottom:0px;padding-top:6rem;padding-right:10rem;padding-bottom:6rem;padding-left:10rem;background-image:url(&apos;https:\/\/www.camping-le-sabia.com\/wp-content\/uploads\/2025\/11\/background-barres.webp&apos;);background-size:cover;\">\n<div class=\"wp-block-group is-content-justification-center is-nowrap is-layout-flex wp-container-core-group-is-layout-f6906e6a wp-block-group-is-layout-flex\" style=\"margin-top:0;margin-bottom:var(--wp--preset--spacing--40)\">\n<div class=\"wp-block-group wp-container-content-9e2f13cb is-vertical is-layout-flex wp-container-core-group-is-layout-fe9cc265 wp-block-group-is-layout-flex\">\n<h2 class=\"wp-block-heading has-text-align-left has-custom-color-1-color has-text-color has-link-color wp-elements-5f11d35fecc0fe7aab263abbea23aee8\" style=\"padding-right:0rem;padding-left:0rem\">Fishing in Saint-Denis-d&#8217;Ol\u00e9ron<\/h2>\n\n\n\n<p class=\"has-custom-color-3-color has-text-color has-link-color wp-elements-8d91ea70d90f7771f81827c5f49d8346\" style=\"padding-top:0;padding-right:0rem;padding-bottom:0;padding-left:0rem\">The village of Saint-Denis-d&#8217;Ol\u00e9ron is an <strong>unmissable spot<\/strong> for shore fishing in Charente-Maritime. With its <strong>vast rocky and sandy areas<\/strong> accessible at low tide, the coastline offers an <strong>ideal playground<\/strong> for collecting shellfish and crustaceans in a calm and wild atmosphere.   <\/p>\n\n\n\n<p class=\"has-custom-color-3-color has-text-color has-link-color wp-elements-6fd53e5ca6adf6789c9a81e85a7fc9cd\" style=\"padding-top:0;padding-right:0rem;padding-bottom:0;padding-left:0rem\">Fishing in Saint-Denis-d&#8217;Ol\u00e9ron also means learning about the richness of the marine environment and raising awareness among youngsters of the importance of <strong>preserving natural resources<\/strong>: a fun way to <a href=\"https:\/\/www.camping-le-sabia.com\/en\/tourism-ile-d-oleron\/\" data-type=\"page\" data-id=\"10\">visit the island of Ol\u00e9ron<\/a>!  <\/p>\n\n\n\n<p class=\"has-custom-color-3-color has-text-color has-link-color wp-elements-3b665d928ab5300f792a843a4a509030\" style=\"padding-top:0;padding-right:0rem;padding-bottom:0;padding-left:0rem\"><br\/>To find out about tide times, breeding periods or which species are authorized for picking, consult the <a href=\"https:\/\/iodde.org\/\">advice of local associations<\/a> and the notices posted in the town hall.<\/p>\n<\/div>\n\n\n\n<figure class=\"wp-block-image size-large has-custom-border\"><img loading=\"lazy\" decoding=\"async\" width=\"1024\" height=\"683\" src=\"https:\/\/www.camping-le-sabia.com\/wp-content\/uploads\/2026\/01\/village-pres-doleron-1024x683.webp\" alt=\"village near oleron\" class=\"wp-image-1149\" style=\"border-top-left-radius:20px;border-top-right-radius:20px;border-bottom-left-radius:20px;border-bottom-right-radius:20px\"\/><\/figure>\n<\/div>\n\n\n\n<div class=\"wp-block-group is-content-justification-center is-nowrap is-layout-flex wp-container-core-group-is-layout-23441af8 wp-block-group-is-layout-flex\">\n<figure class=\"wp-block-image size-large has-custom-border\"><img loading=\"lazy\" decoding=\"async\" width=\"1024\" height=\"768\" src=\"https:\/\/www.camping-le-sabia.com\/wp-content\/uploads\/2026\/02\/coin-peche-sabia-1024x768.jpg\" alt=\"sabia fishing corner\" class=\"wp-image-1431\" style=\"border-top-left-radius:20px;border-top-right-radius:20px;border-bottom-left-radius:20px;border-bottom-right-radius:20px\"\/><\/figure>\n\n\n\n<div class=\"wp-block-group wp-container-content-9e2f13cb is-vertical is-layout-flex wp-container-core-group-is-layout-fe9cc265 wp-block-group-is-layout-flex\">\n<h2 class=\"wp-block-heading has-text-align-left has-custom-color-1-color has-text-color has-link-color wp-elements-0aee78d8e6d1fe069f51507dfa0e82f5\" style=\"padding-right:0rem;padding-left:0rem\">The best fishing spots near the campsite<\/h2>\n\n\n\n<p class=\"has-custom-color-3-color has-text-color has-link-color wp-elements-f0951542c6c7d5531c5742b028954859\" style=\"padding-top:0;padding-right:0rem;padding-bottom:0;padding-left:0rem\">From the Le Sabia campsite, you can <strong>walk or cycle<\/strong> to a number of fishing spots in Saint-Denis-d&#8217;Ol\u00e9ron. Less than 150m away, the foreshore reveals <strong>sandbanks and rocky areas<\/strong> at low tide, perfect for digging out clams and crabs. With your fishing rod, you can find a fish like sea bass with a little patience.  <br\/><\/p>\n\n\n\n<p>You can admire the Grand Sabia lock 150 m from the campsite, or others a little further on, near the Chassiron lighthouse. Typical of the island, <strong>the fish locks<\/strong> are a traditional fishing method still in use on concessions, which is why fishing there is not permitted. <\/p>\n\n\n\n<p class=\"has-custom-color-3-color has-text-color has-link-color wp-elements-65ba945f16dad282b0f738a8900311b9\" style=\"padding-top:0;padding-right:0rem;padding-bottom:0;padding-left:0rem\">Fishing on the Ile d&#8217;Ol\u00e9ron also means enjoying an <strong>exceptional setting<\/strong>, between ocean and cliffs, with <strong>total respect for nature<\/strong>.<\/p>\n\n\n\n<p class=\"has-custom-color-3-color has-text-color has-link-color wp-elements-d8a12cca80459db35276192bcae740c5\" style=\"padding-top:0;padding-right:0rem;padding-bottom:0;padding-left:0rem\">Make sure <strong>you&#8217;re properly equipped<\/strong> (boots, bucket, clam knife), respect catch sizes and don&#8217;t turn over stones unnecessarily to preserve ecosystems.<\/p>\n<\/div>\n<\/div>\n<\/div>\n\n<div class=\"wp-block-group section-simple has-background has-global-padding is-layout-constrained wp-container-core-group-is-layout-92f80a7a wp-block-group-is-layout-constrained\" style=\"background-color:#fff6ed;margin-top:0px;margin-bottom:0px;padding-top:0rem;padding-right:10rem;padding-bottom:6rem;padding-left:10rem;background-image:url(&apos;https:\/\/www.camping-le-sabia.com\/wp-content\/uploads\/2025\/11\/background-barres.webp&apos;);background-size:cover;\">\n<div class=\"wp-block-group content has-global-padding is-layout-constrained wp-container-core-group-is-layout-577e73f9 wp-block-group-is-layout-constrained\" style=\"margin-top:0px;margin-bottom:0px;padding-top:0rem;padding-right:0rem;padding-bottom:4rem;padding-left:0rem\">\n<h2 class=\"wp-block-heading has-text-align-center has-custom-color-1-color has-text-color has-link-color wp-elements-77afd50a406ed8a7ef2158dc8195d394\" style=\"padding-right:5rem;padding-left:5rem\">Info<\/h2>\n\n\n\n<p class=\"has-text-align-center has-custom-color-3-color has-text-color has-link-color wp-elements-5cffa6d888612e4f2a5e7a7032d49e3e\" style=\"padding-right:0rem;padding-left:0rem\">To find out more about good practice in recreational angling wherever you fish in France:<\/p>\n\n\n\n<p class=\"has-text-align-center has-custom-color-3-color has-text-color has-link-color wp-elements-c7bf18589962cfdacb413f9daa01ba8a\" style=\"padding-right:0rem;padding-left:0rem\"> <a href=\"http:\/\/www.pecheapied-loisir.fr\/\">http:\/\/www.pecheapied-loisir.fr\/<\/a><\/p>\n\n\n\n<div class=\"wp-block-buttons is-content-justification-center is-layout-flex wp-container-core-buttons-is-layout-a89b3969 wp-block-buttons-is-layout-flex\">\n<div class=\"wp-block-button btn-1\"><a class=\"wp-block-button__link has-custom-color-6-background-color has-background has-advent-pro-font-family has-custom-font-size wp-element-button\" href=\"https:\/\/www.camping-le-sabia.com\/wp-content\/uploads\/2026\/01\/pdf-tout-sur-la-peche.pdf\" style=\"border-radius:100px;font-size:clamp(0.918rem, 0.918rem + ((1vw - 0.2rem) * 0.77), 1.38rem);text-transform:uppercase\" target=\"_blank\" rel=\"noreferrer noopener\"><img loading=\"lazy\" decoding=\"async\" width=\"150\" height=\"45\" class=\"wp-image-153\" style=\"width: 150px;\" src=\"https:\/\/www.camping-le-sabia.com\/wp-content\/uploads\/2025\/11\/fond-formes-carrees-header.png\" alt=\"fond formes carrees header\"\/><img loading=\"lazy\" decoding=\"async\" width=\"6\" height=\"6\" class=\"wp-image-389\" style=\"width: 6px;\" src=\"https:\/\/www.camping-le-sabia.com\/wp-content\/uploads\/2025\/11\/point-jaune.svg\" alt=\"yellow dot\"\/>Fishing plan<img loading=\"lazy\" decoding=\"async\" width=\"6\" height=\"6\" class=\"wp-image-389\" style=\"width: 6px;\" src=\"https:\/\/www.camping-le-sabia.com\/wp-content\/uploads\/2025\/11\/point-jaune.svg\" alt=\"yellow dot\"\/><\/a><\/div>\n<\/div>\n<\/div>\n<\/div>\n","protected":false},"excerpt":{"rendered":"<p>We&#8217;re off fishing? \u00cele d&#8217;Ol\u00e9ron: a true paradise for shore fishing Fishing on foot is much more than a leisure activity on the Ile d&#8217;Ol\u00e9ron: it&#8217;s a local tradition, an immersion in a preserved environment, and a privileged moment to share with the family. From our campsite in Saint-Denis-d&#8217;Ol\u00e9ron, set off at low tide on [&hellip;]<\/p>\n","protected":false},"author":1,"featured_media":1426,"parent":0,"menu_order":0,"comment_status":"closed","ping_status":"closed","template":"","meta":{"_acf_changed":false,"_seopress_robots_primary_cat":"","_seopress_titles_title":"Foot fishing at Saint-Denis-d'Ol\u00e9ron, on the island of Ol\u00e9ron","_seopress_titles_desc":"Discover fishing on foot at Saint-Denis-d'Ol\u00e9ron, a paradise for collecting shellfish and crustaceans while respecting marine biodiversity.","_seopress_robots_index":"","_gt_ctv_global_id":"","_gt_ctv_id_group":false,"inline_featured_image":false,"gt_fse_maillage_image":"https:\/\/www.camping-le-sabia.com\/wp-content\/uploads\/2026\/01\/partir-a-la-peche.webp","gt_fse_maillage_titre":"Beach fishing","gt_fse_maillage_alt":"Beach fishing","gt_fse_maillage_resume":"","footnotes":""},"categories":[],"tags":[],"class_list":["post-1485","page","type-page","status-publish","has-post-thumbnail","hentry"],"acf":[],"_links":{"self":[{"href":"https:\/\/www.camping-le-sabia.com\/en\/wp-json\/wp\/v2\/pages\/1485","targetHints":{"allow":["GET"]}}],"collection":[{"href":"https:\/\/www.camping-le-sabia.com\/en\/wp-json\/wp\/v2\/pages"}],"about":[{"href":"https:\/\/www.camping-le-sabia.com\/en\/wp-json\/wp\/v2\/types\/page"}],"author":[{"embeddable":true,"href":"https:\/\/www.camping-le-sabia.com\/en\/wp-json\/wp\/v2\/users\/1"}],"replies":[{"embeddable":true,"href":"https:\/\/www.camping-le-sabia.com\/en\/wp-json\/wp\/v2\/comments?post=1485"}],"version-history":[{"count":5,"href":"https:\/\/www.camping-le-sabia.com\/en\/wp-json\/wp\/v2\/pages\/1485\/revisions"}],"predecessor-version":[{"id":1625,"href":"https:\/\/www.camping-le-sabia.com\/en\/wp-json\/wp\/v2\/pages\/1485\/revisions\/1625"}],"wp:featuredmedia":[{"embeddable":true,"href":"https:\/\/www.camping-le-sabia.com\/en\/wp-json\/wp\/v2\/media\/1426"}],"wp:attachment":[{"href":"https:\/\/www.camping-le-sabia.com\/en\/wp-json\/wp\/v2\/media?parent=1485"}],"wp:term":[{"taxonomy":"category","embeddable":true,"href":"https:\/\/www.camping-le-sabia.com\/en\/wp-json\/wp\/v2\/categories?post=1485"},{"taxonomy":"post_tag","embeddable":true,"href":"https:\/\/www.camping-le-sabia.com\/en\/wp-json\/wp\/v2\/tags?post=1485"}],"curies":[{"name":"wp","href":"https:\/\/api.w.org\/{rel}","templated":true}]}}